{"id":1987,"date":"2021-04-15T11:45:43","date_gmt":"2021-04-15T09:45:43","guid":{"rendered":"http:\/\/www.eylaw.at\/imprint\/"},"modified":"2025-10-23T11:02:23","modified_gmt":"2025-10-23T09:02:23","slug":"imprint","status":"publish","type":"page","link":"https:\/\/www.eylaw.at\/en\/imprint\/","title":{"rendered":"Imprint"},"content":{"rendered":"\t\t<div data-elementor-type=\"wp-page\" data-elementor-id=\"1987\" class=\"elementor elementor-1987 elementor-10\" data-elementor-post-type=\"page\">\n\t\t\t\t\t\t<section class=\"elementor-section elementor-top-section elementor-element elementor-element-3d0129f elementor-section-boxed elementor-section-height-default elementor-section-height-default\" data-id=\"3d0129f\" data-element_type=\"section\">\n\t\t\t\t\t\t<div class=\"elementor-container elementor-column-gap-default\">\n\t\t\t\t\t<div class=\"elementor-column elementor-col-100 elementor-top-column elementor-element elementor-element-abc3936\" data-id=\"abc3936\" data-element_type=\"column\">\n\t\t\t<div class=\"elementor-widget-wrap elementor-element-populated\">\n\t\t\t\t\t\t<div class=\"elementor-element elementor-element-04dcd8e elementor-widget elementor-widget-heading\" data-id=\"04dcd8e\" data-element_type=\"widget\" data-widget_type=\"heading.default\">\n\t\t\t\t<div class=\"elementor-widget-container\">\n\t\t\t<h2 class=\"elementor-heading-title elementor-size-default\">Imprint<\/h2>\t\t<\/div>\n\t\t\t\t<\/div>\n\t\t\t\t<div class=\"elementor-element elementor-element-004dda2 elementor-widget-divider--view-line elementor-widget elementor-widget-global elementor-global-818 elementor-widget-divider\" data-id=\"004dda2\" data-element_type=\"widget\" data-widget_type=\"divider.default\">\n\t\t\t\t<div class=\"elementor-widget-container\">\n\t\t\t\t\t<div class=\"elementor-divider\">\n\t\t\t<span class=\"elementor-divider-separator\">\n\t\t\t\t\t\t<\/span>\n\t\t<\/div>\n\t\t\t\t<\/div>\n\t\t\t\t<\/div>\n\t\t\t\t<div class=\"elementor-element elementor-element-87111ca elementor-widget elementor-widget-text-editor\" data-id=\"87111ca\" data-element_type=\"widget\" data-widget_type=\"text-editor.default\">\n\t\t\t\t<div class=\"elementor-widget-container\">\n\t\t\t\t\t\t\t<p>Disclosure pursuant to \u00a7 25 MedG and information pursuant to \u00a7 5 ECG<\/p><p>Owner: Pelzmann Gall Gr\u00f6\u00df Rechtsanw\u00e4lte GmbH<br \/>T +43 1 26095-2100<br \/>F +43 1 26095-2199<br \/>E\u00a0<a href=\"mailto:office@eylaw.at\">office@eylaw.at<\/a><\/p><p>Registration number: FN 385778x<br \/>Commercial register court: Commercial Court of Vienna<br \/>VAT number:\u00a0ATU67478277<br \/>Address code: P\u00a0131580<\/p><p>Professional organization: Vienna Bar Association<\/p><p>Professional designation: Rechtsanwaltsgesellschaft<\/p><p>Professional regulatory provisions: Rechtsanwaltsordnung (RAO), Richtlinien f\u00fcr die Aus\u00fcbung des Rechtsanwaltsberufes, f\u00fcr die \u00dcberwachung der Pflichten des Rechtsanwaltes und f\u00fcr die Ausbildung der Rechtsanwaltsanw\u00e4rter (RL-BA),\u00a0Disziplinarstatut der Rechtsanw\u00e4lte und Rechtsanwaltsanw\u00e4rter (DSt); Rechtsanwaltstarifgesetz (RATG), Allgemeine Honorar-Kriterien (AHK).<\/p><p>Access: The text of these regulations can be inspected at\u00a0<a href=\"http:\/\/www.oerak.at\/\" target=\"_blank\" rel=\"noopener\">www.oerak.at<\/a>.<\/p><p>Regulatory body: Vienna Bar Association<\/p><p>Member state: Austria<\/p><p>Nature and purpose of the business: The purpose is the practice of the legal profession, including the necessary auxiliary activities and the management of the company\u2019s assets pursuant to \u00a7 21 c Z 6 RAO (Austrian Regulations for the Lawyers\u2019 Profession), as well as concluding transactions and performing actions that will aid the aforementioned business activities directly or indirectly.<\/p><p>Registered office: Vienna<\/p><p>Persons authorized to represent the Firm: Dr. Helen Pelzmann, Dr. Mario Gall, Dr. Stephan Gr\u00f6\u00df, Dr. Martin Hanzl, Mag. Georg Perkowitsch, Dr. Stephan Hofmann, Dr. Julia Karl, Dr. Katrin Speigner, Mag. Ulrike Sehrsch\u00f6n<br \/>Associates: Dr. Helen Pelzmann, Dr. Mario Gall, Dr. Stephan Gr\u00f6\u00df, Dr. Martin Hanzl, Mag. Georg Perkowitsch, Dr. Stephan Hofmann, Dr. Julia Karl, Dr. Katrin Speigner, Mag. Ulrike Sehrsch\u00f6n<br \/>Voting rights: Voting rights are determined by the value of the initial contribution.<\/p><p>Producer and publisher: Pelzmann Gall Gr\u00f6\u00df Rechtsanw\u00e4lte GmbH<br \/>Place of publication: 1220 Vienna, Wagramer Stra\u00dfe 19\/33<\/p><p><b>\u00a0<\/b><\/p>\t\t\t\t\t\t<\/div>\n\t\t\t\t<\/div>\n\t\t\t\t<div class=\"elementor-element elementor-element-52ef55a elementor-widget elementor-widget-text-editor\" data-id=\"52ef55a\" data-element_type=\"widget\" data-widget_type=\"text-editor.default\">\n\t\t\t\t<div class=\"elementor-widget-container\">\n\t\t\t\t\t\t\t<p><strong>Disclosure requirements according to applicable Austrian bar rules<br \/><\/strong>The\u00a0Austrian Bar Association\u00a0mandates the disclosure of attorneys who are shareholders of Pelzmann Gall Gr\u00f6\u00df Rechtsanw\u00e4lte GmbH, as well as those attorneys engaged as self-employed attorneys (Substitut:innen) with the firm:<\/p>\t\t\t\t\t\t<\/div>\n\t\t\t\t<\/div>\n\t\t\t\t<div class=\"elementor-element elementor-element-9556a37 elementor-widget elementor-widget-accordion\" data-id=\"9556a37\" data-element_type=\"widget\" data-widget_type=\"accordion.default\">\n\t\t\t\t<div class=\"elementor-widget-container\">\n\t\t\t\t\t<div class=\"elementor-accordion\">\n\t\t\t\t\t\t\t<div class=\"elementor-accordion-item\">\n\t\t\t\t\t<div id=\"elementor-tab-title-1561\" class=\"elementor-tab-title\" data-tab=\"1\" role=\"button\" aria-controls=\"elementor-tab-content-1561\" aria-expanded=\"false\">\n\t\t\t\t\t\t\t\t\t\t\t\t\t<span class=\"elementor-accordion-icon elementor-accordion-icon-left\" aria-hidden=\"true\">\n\t\t\t\t\t\t\t\t\t\t\t\t\t\t\t<span class=\"elementor-accordion-icon-closed\"><i class=\"fas fa-plus\"><\/i><\/span>\n\t\t\t\t\t\t\t\t<span class=\"elementor-accordion-icon-opened\"><i class=\"fas fa-minus\"><\/i><\/span>\n\t\t\t\t\t\t\t\t\t\t\t\t\t\t<\/span>\n\t\t\t\t\t\t\t\t\t\t\t\t<a class=\"elementor-accordion-title\" tabindex=\"0\">Shareholders (Gesellschafter:innen)<\/a>\n\t\t\t\t\t<\/div>\n\t\t\t\t\t<div id=\"elementor-tab-content-1561\" class=\"elementor-tab-content elementor-clearfix\" data-tab=\"1\" role=\"region\" aria-labelledby=\"elementor-tab-title-1561\"><p>Dr. Helen Pelzmann, Dr. Mario Gall, Dr. Stephan Gr\u00f6\u00df, Dr. Martin Hanzl, Mag. Georg Perkowitsch, Dr. Stephan Hofmann, Dr. Julia Karl, Dr. Katrin Speigner, Mag. Ulrike Sehrsch\u00f6n<\/p><\/div>\n\t\t\t\t<\/div>\n\t\t\t\t\t\t\t<div class=\"elementor-accordion-item\">\n\t\t\t\t\t<div id=\"elementor-tab-title-1562\" class=\"elementor-tab-title\" data-tab=\"2\" role=\"button\" aria-controls=\"elementor-tab-content-1562\" aria-expanded=\"false\">\n\t\t\t\t\t\t\t\t\t\t\t\t\t<span class=\"elementor-accordion-icon elementor-accordion-icon-left\" aria-hidden=\"true\">\n\t\t\t\t\t\t\t\t\t\t\t\t\t\t\t<span class=\"elementor-accordion-icon-closed\"><i class=\"fas fa-plus\"><\/i><\/span>\n\t\t\t\t\t\t\t\t<span class=\"elementor-accordion-icon-opened\"><i class=\"fas fa-minus\"><\/i><\/span>\n\t\t\t\t\t\t\t\t\t\t\t\t\t\t<\/span>\n\t\t\t\t\t\t\t\t\t\t\t\t<a class=\"elementor-accordion-title\" tabindex=\"0\">Self-employed attorneys (Substitut:innen)<\/a>\n\t\t\t\t\t<\/div>\n\t\t\t\t\t<div id=\"elementor-tab-content-1562\" class=\"elementor-tab-content elementor-clearfix\" data-tab=\"2\" role=\"region\" aria-labelledby=\"elementor-tab-title-1562\"><p>Mag. Maximilian Bell , Mag. Teresa Bell, Mag. Andreas B\u00f6csk\u00f6r BSc MSc, Clemens Burian-Kerbl, , LL.M. (WU) BSc (WU), Katharina Dabernig, LL.M.(WU) BSc (WU),Dr. Wolfgang Eigner, LL.M., Titus Kahr, LL.M. (WU) LL.B. (WU), Bernhard Kainz, LL.M., MBA, Dr. Andreas Lopatka-Sint, Philipp Moritz, LL.M. (WU) BSc (WU), Mag. Niklas Nigl, LL.M., Dr. Heinrich P\u00f6ttinger, Mag. Julia P\u00f6tzlberger, Dr. Elisabeth Reiner, LL.M. , Mag. Tobias Scheufler, Mag. Martin Schneider, Mag. Christina Schrott, Mag. Marija Tosic, Mag. Christian Zimmer<\/p><\/div>\n\t\t\t\t<\/div>\n\t\t\t\t\t\t\t\t<\/div>\n\t\t\t\t<\/div>\n\t\t\t\t<\/div>\n\t\t\t\t\t<\/div>\n\t\t<\/div>\n\t\t\t\t\t<\/div>\n\t\t<\/section>\n\t\t\t\t<section class=\"elementor-section elementor-top-section elementor-element elementor-element-579fa78 elementor-section-boxed elementor-section-height-default elementor-section-height-default\" data-id=\"579fa78\" data-element_type=\"section\">\n\t\t\t\t\t\t<div class=\"elementor-container elementor-column-gap-default\">\n\t\t\t\t\t<div class=\"elementor-column elementor-col-100 elementor-top-column elementor-element elementor-element-6b51ea4\" data-id=\"6b51ea4\" data-element_type=\"column\">\n\t\t\t<div class=\"elementor-widget-wrap elementor-element-populated\">\n\t\t\t\t\t\t<div class=\"elementor-element elementor-element-60c078a elementor-widget elementor-widget-text-editor\" data-id=\"60c078a\" data-element_type=\"widget\" data-widget_type=\"text-editor.default\">\n\t\t\t\t<div class=\"elementor-widget-container\">\n\t\t\t\t\t\t\t<p><b>Pelzmann Gall Gr\u00f6\u00df Rechtsanw\u00e4lte GmbH cooperates with Ernst &amp; Young Law GmbH Rechtsanwaltsgesellschaft Steuerberatungsgesellschaft, Stuttgart, Germany.<\/b><\/p>\t\t\t\t\t\t<\/div>\n\t\t\t\t<\/div>\n\t\t\t\t\t<\/div>\n\t\t<\/div>\n\t\t\t\t\t<\/div>\n\t\t<\/section>\n\t\t\t\t<section class=\"elementor-section elementor-top-section elementor-element elementor-element-d33bb1b elementor-section-boxed elementor-section-height-default elementor-section-height-default\" data-id=\"d33bb1b\" data-element_type=\"section\">\n\t\t\t\t\t\t<div class=\"elementor-container elementor-column-gap-default\">\n\t\t\t\t\t<div class=\"elementor-column elementor-col-100 elementor-top-column elementor-element elementor-element-5b99b52\" data-id=\"5b99b52\" data-element_type=\"column\">\n\t\t\t<div class=\"elementor-widget-wrap\">\n\t\t\t\t\t\t\t<\/div>\n\t\t<\/div>\n\t\t\t\t\t<\/div>\n\t\t<\/section>\n\t\t\t\t<\/div>\n\t\t","protected":false},"excerpt":{"rendered":"<p>Imprint Disclosure pursuant to \u00a7 25 MedG and information pursuant to \u00a7 5 ECG Owner: Pelzmann Gall Gr\u00f6\u00df Rechtsanw\u00e4lte GmbHT +43 1 26095-2100F +43 1 26095-2199E\u00a0office@eylaw.at Registration number: FN 385778xCommercial register court: Commercial Court of ViennaVAT number:\u00a0ATU67478277Address code: P\u00a0131580 Professional organization: Vienna Bar Association Professional designation: Rechtsanwaltsgesellschaft Professional regulatory provisions: Rechtsanwaltsordnung (RAO), Richtlinien f\u00fcr die [&hellip;]<\/p>\n","protected":false},"author":1,"featured_media":0,"parent":0,"menu_order":0,"comment_status":"closed","ping_status":"closed","template":"elementor_header_footer","meta":{"_acf_changed":false,"site-sidebar-layout":"default","site-content-layout":"default","ast-site-content-layout":"default","site-content-style":"default","site-sidebar-style":"default","ast-global-header-display":"","ast-banner-title-visibility":"","ast-main-header-display":"","ast-hfb-above-header-display":"","ast-hfb-below-header-display":"","ast-hfb-mobile-header-display":"","site-post-title":"","ast-breadcrumbs-content":"","ast-featured-img":"","footer-sml-layout":"","theme-transparent-header-meta":"default","adv-header-id-meta":"","stick-header-meta":"default","header-above-stick-meta":"","header-main-stick-meta":"","header-below-stick-meta":"","astra-migrate-meta-layouts":"default","ast-page-background-enabled":"default","ast-page-background-meta":{"desktop":{"background-color":"","background-image":"","background-repeat":"repeat","background-position":"center center","background-size":"auto","background-attachment":"scroll","background-type":"","background-media":"","overlay-type":"","overlay-color":"","overlay-opacity":"","overlay-gradient":""},"tablet":{"background-color":"","background-image":"","background-repeat":"repeat","background-position":"center center","background-size":"auto","background-attachment":"scroll","background-type":"","background-media":"","overlay-type":"","overlay-color":"","overlay-opacity":"","overlay-gradient":""},"mobile":{"background-color":"","background-image":"","background-repeat":"repeat","background-position":"center center","background-size":"auto","background-attachment":"scroll","background-type":"","background-media":"","overlay-type":"","overlay-color":"","overlay-opacity":"","overlay-gradient":""}},"ast-content-background-meta":{"desktop":{"background-color":"var(--ast-global-color-5)","background-image":"","background-repeat":"repeat","background-position":"center center","background-size":"auto","background-attachment":"scroll","background-type":"","background-media":"","overlay-type":"","overlay-color":"","overlay-opacity":"","overlay-gradient":""},"tablet":{"background-color":"var(--ast-global-color-5)","background-image":"","background-repeat":"repeat","background-position":"center center","background-size":"auto","background-attachment":"scroll","background-type":"","background-media":"","overlay-type":"","overlay-color":"","overlay-opacity":"","overlay-gradient":""},"mobile":{"background-color":"var(--ast-global-color-5)","background-image":"","background-repeat":"repeat","background-position":"center center","background-size":"auto","background-attachment":"scroll","background-type":"","background-media":"","overlay-type":"","overlay-color":"","overlay-opacity":"","overlay-gradient":""}},"footnotes":""},"class_list":["post-1987","page","type-page","status-publish","hentry"],"acf":[],"_links":{"self":[{"href":"https:\/\/www.eylaw.at\/en\/wp-json\/wp\/v2\/pages\/1987"}],"collection":[{"href":"https:\/\/www.eylaw.at\/en\/wp-json\/wp\/v2\/pages"}],"about":[{"href":"https:\/\/www.eylaw.at\/en\/wp-json\/wp\/v2\/types\/page"}],"author":[{"embeddable":true,"href":"https:\/\/www.eylaw.at\/en\/wp-json\/wp\/v2\/users\/1"}],"replies":[{"embeddable":true,"href":"https:\/\/www.eylaw.at\/en\/wp-json\/wp\/v2\/comments?post=1987"}],"version-history":[{"count":61,"href":"https:\/\/www.eylaw.at\/en\/wp-json\/wp\/v2\/pages\/1987\/revisions"}],"predecessor-version":[{"id":11394,"href":"https:\/\/www.eylaw.at\/en\/wp-json\/wp\/v2\/pages\/1987\/revisions\/11394"}],"wp:attachment":[{"href":"https:\/\/www.eylaw.at\/en\/wp-json\/wp\/v2\/media?parent=1987"}],"curies":[{"name":"wp","href":"https:\/\/api.w.org\/{rel}","templated":true}]}}